{"id":162,"date":"2006-08-22T21:19:43","date_gmt":"2006-08-23T01:19:43","guid":{"rendered":"http:\/\/www.cchsu.com\/peiyi\/?page_id=162"},"modified":"2006-08-22T21:19:43","modified_gmt":"2006-08-23T01:19:43","slug":"about-2","status":"publish","type":"page","link":"https:\/\/www.cchsu.com\/peiyi\/?page_id=162","title":{"rendered":"\u00e9\u2014\u0153\u00e6\u2013\u00bc\u00e5\u00b0\u008f\u00e8\u00b1\u00ac"},"content":{"rendered":"<p><a href=\"http:\/\/www.flickr.com\/photos\/41513731@N02\/3855532583\/\" class=\"tt-flickr tt-flickr-Medium\" title=\"ScreenHunter_18 Aug. 25 01.38\"><img loading=\"lazy\" class=\"alignnone\" src=\"http:\/\/farm4.static.flickr.com\/3441\/3855532583_48cfff9554.jpg\" alt=\"ScreenHunter_18 Aug. 25 01.38\" width=\"209\" height=\"249\" \/><\/a><\/p>\n<p>\u00e5\u2014\u00a8\u00e5\u00a4\u00a7\u00e5\u00ae\u00b6\u00e5\u00a5\u00bd<br \/>\n\u00e6\u02c6\u2018\u00e5\u00ae\u00b6\u00e8\u20ac\u0081\u00e5\u2026\u00ac\u00e6\u02dc\u00af\u00e5\u00a4\u00a7\u00e8\u00b1\u00ac\u00e8\u00b1\u00ac<br \/>\n\u00e6\u02c6\u2018\u00e5\u00b0\u00b1\u00e6\u02dc\u00af\u00e5\u008f\u00af\u00e6\u201e\u203a\u00e5\u00b0\u008f\u00e8\u00b1\u00ac\u00e8\u00b1\u00ac\u00e5\u2022\u00a6 \u00e5\u201c\u2021\u00e5\u201c\u02c6\u00e5\u201c\u02c6\u00e5\u201c\u02c6~~<\/p>\n<p>2003\u00e5\u00b9\u00b48\u00e6\u0153\u02c6\u00e4\u00be\u2020\u00e5\u02c6\u00b0\u00e7\u00be\u017d\u00e5\u0153\u2039<br \/>\n\u00e5\u0153\u00a8\u00e7\u00be\u017d\u00e9\u00ba\u2014\u00e7\u0161\u201eSanta Barbara\u00e4\u00bd\u008f\u00e4\u00ba\u2020\u00e4\u00b8\u20ac\u00e5\u2026\u00a9\u00e5\u00b9\u00b4<br \/>\n\u00e5\u00be\u0152\u00e4\u00be\u2020\u00e5\u008f\u02c6\u00e6\u0090\u00ac\u00e5\u02c6\u00b0\u00e6\u00b4\u203a\u00e6\u009d\u2030\u00e7\u00a3\u00af\u00e9\u201a\u00a3\u00e9\u201a\u0160\u00e7\u0161\u201eCulver City<br \/>\n2009\u00e5\u00b9\u00b4\u00e6\u0090\u00ac\u00e5\u02c6\u00b0Torrance<br \/>\n\u00e6\u02c6\u2018\u00e6\u0192\u00b3\u00e6\u02c6\u2018\u00e5\u20ac\u2018\u00e6\u0153\u0192\u00e5\u0153\u00a8\u00e9\u20ac\u2122\u00e8\u00a3\u00a1\u00e4\u00bd\u008f\u00e5\u20ac\u2039\u00e5\u008d\u0081\u00e5\u00b9\u00b4\u00e4\u00bb\u00a5\u00e4\u00b8\u0160\u00e5\u0090\u00a7^0^<\/p>\n<p>\u00e5\u0153\u00a8\u00e9\u20ac\u2122\u00e5\u20ac\u2039\u00e7\u00b6\u00b2\u00e7\u00ab\u2122\u00e6\u02c6\u2018\u00e6\u0153\u0192\u00e5\u02c6\u2020\u00e4\u00ba\u00ab\u00e9\u20ac\u2122\u00e5\u00b9\u00be\u00e5\u00b9\u00b4\u00e5\u0153\u00a8\u00e7\u00be\u017d\u00e5\u0153\u2039\u00e7\u201d\u0178\u00e6\u00b4\u00bb\u00e7\u0161\u201e\u00e5\u00bf\u0192\u00e5\u00be\u2014<br \/>\n\u00e9\u201a\u201e\u00e6\u0153\u2030\u00e4\u00b8\u20ac\u00e4\u00ba\u203a\u00e5\u00a5\u00bd\u00e5\u00ba\u00b7\u00e7\u0161\u201e\u00e6\u00b6\u02c6\u00e6\u0081\u00af<br \/>\n\u00e9\u203a\u2013\u00e7\u201e\u00b6\u00e6\u02c6\u2018\u00e5\u20ac\u2018\u00e5\u008f\u00af\u00e8\u0192\u00bd\u00e4\u00b8\u008d\u00e4\u00bd\u008f\u00e5\u0153\u00a8\u00e5\u0090\u0152\u00e4\u00b8\u20ac\u00e5\u20ac\u2039\u00e5\u0178\u017d\u00e5\u00b8\u201a<br \/>\n\u00e4\u00bd\u2020\u00e6\u02dc\u00af\u00e9\u2013\u00b1\u00e8\u00ae\u20ac\u00e5\u00ae\u0152\u00e6\u02c6\u2018\u00e7\u0161\u201e\u00e7\u00b6\u201c\u00e9\u00a9\u2014\u00e4\u00b9\u2039\u00e5\u00be\u0152\u00e4\u00bd\u00a0\u00e4\u00b9\u0178\u00e8\u0192\u00bd\u00e8\u00a9\u00a6\u00e8\u2018\u2014\u00e6\u2030\u00be\u00e6\u2030\u00be\u00e7\u0153\u2039\u00e4\u00bd\u00a0\u00e5\u00ae\u00b6\u00e9\u2122\u201e\u00e8\u00bf\u2018\u00e7\u0161\u201e\u00e8\u00b3\u2021\u00e6\u00ba\u0090\u00e5\u2013\u201d~<br \/>\n\u00e5\u00a6\u201a\u00e6\u017e\u0153\u00e5\u00a4\u00a7\u00e5\u00ae\u00b6\u00e6\u0153\u2030\u00e4\u00bb\u20ac\u00e9\u00ba\u00bc\u00e5\u00b0\u008d\u00e7\u00be\u017d\u00e5\u0153\u2039\u00e7\u201d\u0178\u00e6\u00b4\u00bb\u00e7\u0161\u201e\u00e5\u2022\u008f\u00e9\u00a1\u0152\u00e6\u0192\u00b3\u00e7\u0178\u00a5\u00e9\u0081\u201c\u00e7\u0161\u201e<br \/>\n\u00e5\u008f\u00af\u00e4\u00bb\u00a5\u00e7\u2022\u2122\u00e8\u00a8\u20ac\u00e7\u00b5\u00a6\u00e6\u02c6\u2018<br \/>\n\u00e6\u02c6\u2018\u00e5\u00be\u02c6\u00e6\u00a8\u201a\u00e6\u201e\u008f\u00e5\u02c6\u2020\u00e4\u00ba\u00ab\u00e5\u2013\u201d^0^!!<\/p>\n","protected":false},"excerpt":{"rendered":"<p>\u00e5\u2014\u00a8\u00e5\u00a4\u00a7\u00e5\u00ae\u00b6\u00e5\u00a5\u00bd \u00e6\u02c6\u2018\u00e5\u00ae\u00b6\u00e8\u20ac\u0081\u00e5\u2026\u00ac\u00e6\u02dc\u00af\u00e5\u00a4\u00a7\u00e8\u00b1\u00ac\u00e8\u00b1\u00ac \u00e6\u02c6\u2018\u00e5\u00b0\u00b1\u00e6\u02dc\u00af\u00e5\u008f\u00af\u00e6\u201e\u203a\u00e5\u00b0\u008f\u00e8\u00b1\u00ac\u00e8\u00b1\u00ac\u00e5\u2022\u00a6 \u00e5\u201c\u2021\u00e5\u201c\u02c6\u00e5\u201c\u02c6\u00e5\u201c\u02c6~~ 2003\u00e5\u00b9\u00b48\u00e6\u0153\u02c6\u00e4\u00be\u2020\u00e5\u02c6\u00b0\u00e7\u00be\u017d\u00e5\u0153\u2039 \u00e5\u0153\u00a8\u00e7\u00be\u017d\u00e9\u00ba\u2014\u00e7\u0161\u201eSanta Barbara\u00e4\u00bd\u008f\u00e4\u00ba\u2020\u00e4\u00b8\u20ac\u00e5\u2026\u00a9\u00e5\u00b9\u00b4 \u00e5\u00be\u0152\u00e4\u00be\u2020\u00e5\u008f\u02c6\u00e6\u0090\u00ac\u00e5\u02c6\u00b0\u00e6\u00b4\u203a\u00e6\u009d\u2030\u00e7\u00a3\u00af\u00e9\u201a\u00a3\u00e9\u201a\u0160\u00e7\u0161\u201eCulver City 2009\u00e5\u00b9\u00b4\u00e6\u0090\u00ac\u00e5\u02c6\u00b0Torrance \u00e6\u02c6\u2018\u00e6\u0192\u00b3\u00e6\u02c6\u2018\u00e5\u20ac\u2018\u00e6\u0153\u0192\u00e5\u0153\u00a8\u00e9\u20ac\u2122\u00e8\u00a3\u00a1\u00e4\u00bd\u008f\u00e5\u20ac\u2039\u00e5\u008d\u0081\u00e5\u00b9\u00b4\u00e4\u00bb\u00a5\u00e4\u00b8\u0160\u00e5\u0090\u00a7^0^ \u00e5\u0153\u00a8\u00e9\u20ac\u2122\u00e5\u20ac\u2039\u00e7\u00b6\u00b2\u00e7\u00ab\u2122\u00e6\u02c6\u2018\u00e6\u0153\u0192\u00e5\u02c6\u2020\u00e4\u00ba\u00ab\u00e9\u20ac\u2122\u00e5\u00b9\u00be\u00e5\u00b9\u00b4\u00e5\u0153\u00a8\u00e7\u00be\u017d\u00e5\u0153\u2039\u00e7\u201d\u0178\u00e6\u00b4\u00bb\u00e7\u0161\u201e\u00e5\u00bf\u0192\u00e5\u00be\u2014 \u00e9\u201a\u201e\u00e6\u0153\u2030\u00e4\u00b8\u20ac\u00e4\u00ba\u203a\u00e5\u00a5\u00bd\u00e5\u00ba\u00b7\u00e7\u0161\u201e\u00e6\u00b6\u02c6\u00e6\u0081\u00af \u00e9\u203a\u2013\u00e7\u201e\u00b6\u00e6\u02c6\u2018\u00e5\u20ac\u2018\u00e5\u008f\u00af\u00e8\u0192\u00bd\u00e4\u00b8\u008d\u00e4\u00bd\u008f\u00e5\u0153\u00a8\u00e5\u0090\u0152\u00e4\u00b8\u20ac\u00e5\u20ac\u2039\u00e5\u0178\u017d\u00e5\u00b8\u201a \u00e4\u00bd\u2020\u00e6\u02dc\u00af\u00e9\u2013\u00b1\u00e8\u00ae\u20ac\u00e5\u00ae\u0152\u00e6\u02c6\u2018\u00e7\u0161\u201e\u00e7\u00b6\u201c\u00e9\u00a9\u2014\u00e4\u00b9\u2039\u00e5\u00be\u0152\u00e4\u00bd\u00a0\u00e4\u00b9\u0178\u00e8\u0192\u00bd\u00e8\u00a9\u00a6\u00e8\u2018\u2014\u00e6\u2030\u00be\u00e6\u2030\u00be\u00e7\u0153\u2039\u00e4\u00bd\u00a0\u00e5\u00ae\u00b6\u00e9\u2122\u201e\u00e8\u00bf\u2018\u00e7\u0161\u201e\u00e8\u00b3\u2021\u00e6\u00ba\u0090\u00e5\u2013\u201d~ \u00e5\u00a6\u201a\u00e6\u017e\u0153\u00e5\u00a4\u00a7\u00e5\u00ae\u00b6\u00e6\u0153\u2030\u00e4\u00bb\u20ac\u00e9\u00ba\u00bc\u00e5\u00b0\u008d\u00e7\u00be\u017d\u00e5\u0153\u2039\u00e7\u201d\u0178\u00e6\u00b4\u00bb\u00e7\u0161\u201e\u00e5\u2022\u008f\u00e9\u00a1\u0152\u00e6\u0192\u00b3\u00e7\u0178\u00a5\u00e9\u0081\u201c\u00e7\u0161\u201e \u00e5\u008f\u00af\u00e4\u00bb\u00a5\u00e7\u2022\u2122\u00e8\u00a8\u20ac\u00e7\u00b5\u00a6\u00e6\u02c6\u2018 \u00e6\u02c6\u2018\u00e5\u00be\u02c6\u00e6\u00a8\u201a\u00e6\u201e\u008f\u00e5\u02c6\u2020\u00e4\u00ba\u00ab\u00e5\u2013\u201d^0^!!<\/p>\n","protected":false},"author":2,"featured_media":0,"parent":0,"menu_order":0,"comment_status":"open","ping_status":"open","template":"","meta":[],"_links":{"self":[{"href":"https:\/\/www.cchsu.com\/peiyi\/index.php?rest_route=\/wp\/v2\/pages\/162"}],"collection":[{"href":"https:\/\/www.cchsu.com\/peiyi\/index.php?rest_route=\/wp\/v2\/pages"}],"about":[{"href":"https:\/\/www.cchsu.com\/peiyi\/index.php?rest_route=\/wp\/v2\/types\/page"}],"author":[{"embeddable":true,"href":"https:\/\/www.cchsu.com\/peiyi\/index.php?rest_route=\/wp\/v2\/users\/2"}],"replies":[{"embeddable":true,"href":"https:\/\/www.cchsu.com\/peiyi\/index.php?rest_route=%2Fwp%2Fv2%2Fcomments&post=162"}],"version-history":[{"count":0,"href":"https:\/\/www.cchsu.com\/peiyi\/index.php?rest_route=\/wp\/v2\/pages\/162\/revisions"}],"wp:attachment":[{"href":"https:\/\/www.cchsu.com\/peiyi\/index.php?rest_route=%2Fwp%2Fv2%2Fmedia&parent=162"}],"curies":[{"name":"wp","href":"https:\/\/api.w.org\/{rel}","templated":true}]}}